{"id":16,"date":"2018-12-23T15:48:48","date_gmt":"2018-12-23T14:48:48","guid":{"rendered":"https:\/\/marie-dev-web-toulouse.yo.fr\/projets\/site-wordpress\/?page_id=16"},"modified":"2018-12-24T13:18:52","modified_gmt":"2018-12-24T12:18:52","slug":"nos-plus","status":"publish","type":"page","link":"https:\/\/marie-dev-web-toulouse.yo.fr\/projets\/site-wordpress\/?page_id=16","title":{"rendered":"Nos plus"},"content":{"rendered":"\n<h2>Pourquoi venir chez nous ?<\/h2>\n\n\n\n<p class=\"soustitre\">C&rsquo;est une bonne questions<\/p>\n\n\n\n<p style=\"text-align:center\" class=\"conteneur\">Parce qu&rsquo;on est trop cool !! <br><br> <br>Le <strong>Lorem Ipsum<\/strong> est simplement du faux texte employ\u00e9  dans la composition et la mise en page avant impression. Le Lorem Ipsum  est le faux texte standard de l&rsquo;imprimerie depuis les ann\u00e9es 1500, quand  un imprimeur anonyme assembla ensemble des morceaux de texte pour  r\u00e9aliser un livre sp\u00e9cimen de polices de texte. Il n&rsquo;a pas fait que  survivre cinq si\u00e8cles, mais s&rsquo;est aussi adapt\u00e9 \u00e0 la bureautique  informatique, sans que son contenu n&rsquo;en soit modifi\u00e9. Il a \u00e9t\u00e9  popularis\u00e9 dans les ann\u00e9es 1960 gr\u00e2ce \u00e0 la vente de feuilles Letraset  contenant des passages du Lorem Ipsum, et, plus r\u00e9cemment, par son  inclusion dans des applications de mise en page de texte, comme Aldus  PageMaker. <\/p>\n","protected":false},"excerpt":{"rendered":"<p>Pourquoi venir chez nous ? C&rsquo;est une bonne questions Parce qu&rsquo;on est trop cool !! Le Lorem Ipsum est simplement [&hellip;]<\/p>\n","protected":false},"author":1,"featured_media":213,"parent":0,"menu_order":0,"comment_status":"closed","ping_status":"closed","template":"","meta":[],"_links":{"self":[{"href":"https:\/\/marie-dev-web-toulouse.yo.fr\/projets\/site-wordpress\/index.php?rest_route=\/wp\/v2\/pages\/16"}],"collection":[{"href":"https:\/\/marie-dev-web-toulouse.yo.fr\/projets\/site-wordpress\/index.php?rest_route=\/wp\/v2\/pages"}],"about":[{"href":"https:\/\/marie-dev-web-toulouse.yo.fr\/projets\/site-wordpress\/index.php?rest_route=\/wp\/v2\/types\/page"}],"author":[{"embeddable":true,"href":"https:\/\/marie-dev-web-toulouse.yo.fr\/projets\/site-wordpress\/index.php?rest_route=\/wp\/v2\/users\/1"}],"replies":[{"embeddable":true,"href":"https:\/\/marie-dev-web-toulouse.yo.fr\/projets\/site-wordpress\/index.php?rest_route=%2Fwp%2Fv2%2Fcomments&post=16"}],"version-history":[{"count":23,"href":"https:\/\/marie-dev-web-toulouse.yo.fr\/projets\/site-wordpress\/index.php?rest_route=\/wp\/v2\/pages\/16\/revisions"}],"predecessor-version":[{"id":517,"href":"https:\/\/marie-dev-web-toulouse.yo.fr\/projets\/site-wordpress\/index.php?rest_route=\/wp\/v2\/pages\/16\/revisions\/517"}],"wp:featuredmedia":[{"embeddable":true,"href":"https:\/\/marie-dev-web-toulouse.yo.fr\/projets\/site-wordpress\/index.php?rest_route=\/wp\/v2\/media\/213"}],"wp:attachment":[{"href":"https:\/\/marie-dev-web-toulouse.yo.fr\/projets\/site-wordpress\/index.php?rest_route=%2Fwp%2Fv2%2Fmedia&parent=16"}],"curies":[{"name":"wp","href":"https:\/\/api.w.org\/{rel}","templated":true}]}}